{"id":94,"date":"2025-11-05T11:40:09","date_gmt":"2025-11-05T11:40:09","guid":{"rendered":"https:\/\/sheknowsia.com\/?page_id=94"},"modified":"2025-11-19T20:24:40","modified_gmt":"2025-11-19T20:24:40","slug":"inscription-validee","status":"publish","type":"page","link":"https:\/\/sheknowsia.com\/index.php\/inscription-validee\/","title":{"rendered":"Inscription valid\u00e9e"},"content":{"rendered":"<p>[et_pb_section fb_built=&#8221;1&#8243; admin_label=&#8221;Header&#8221; _builder_version=&#8221;4.27.4&#8243; _module_preset=&#8221;default&#8221; background_color=&#8221;gcid-fc7b31e8-94d8-4560-b647-c33fa43cc805&#8243; width_tablet=&#8221;&#8221; width_phone=&#8221;100%&#8221; width_last_edited=&#8221;on|phone&#8221; module_alignment=&#8221;center&#8221; overflow-x=&#8221;hidden&#8221; overflow-y=&#8221;hidden&#8221; custom_margin=&#8221;20px|30px|50px|30px|false|true&#8221; custom_margin_tablet=&#8221;20px|30px|50px|30px|false|true&#8221; custom_margin_phone=&#8221;0px||||false|true&#8221; custom_margin_last_edited=&#8221;on|phone&#8221; custom_padding=&#8221;51px|||||&#8221; module_alignment_tablet=&#8221;center&#8221; module_alignment_phone=&#8221;center&#8221; module_alignment_last_edited=&#8221;on|phone&#8221; border_radii=&#8221;on|10px|10px|10px|10px&#8221; collapsed=&#8221;off&#8221; global_colors_info=&#8221;{%22gcid-fc7b31e8-94d8-4560-b647-c33fa43cc805%22:%91%22background_color%22,%22background_color%22%93}&#8221;][et_pb_row column_structure=&#8221;3_5,2_5&#8243; make_equal=&#8221;on&#8221; _builder_version=&#8221;4.27.4&#8243; _module_preset=&#8221;default&#8221; background_enable_color=&#8221;off&#8221; custom_margin=&#8221;30px||30px||true|false&#8221; custom_margin_tablet=&#8221;30px||30px||true|false&#8221; custom_margin_phone=&#8221;0px||0px||true|false&#8221; custom_margin_last_edited=&#8221;on|phone&#8221; custom_padding=&#8221;||0px|||&#8221; global_colors_info=&#8221;{%22gcid-fc7b31e8-94d8-4560-b647-c33fa43cc805%22:%91%22background_color%22%93}&#8221;][et_pb_column type=&#8221;3_5&#8243; _builder_version=&#8221;4.27.4&#8243; _module_preset=&#8221;default&#8221; z_index=&#8221;10&#8243; custom_padding=&#8221;||||true|false&#8221; custom_padding_tablet=&#8221;|30px|||true|false&#8221; custom_padding_phone=&#8221;|20px|||true|false&#8221; custom_padding_last_edited=&#8221;on|tablet&#8221; global_colors_info=&#8221;{}&#8221;][et_pb_text _builder_version=&#8221;4.27.4&#8243; _module_preset=&#8221;623ba615-a453-49ce-91c5-79258abbd2a6&#8243; text_font_size=&#8221;11px&#8221; header_font=&#8221;|300|||||||&#8221; header_text_align=&#8221;left&#8221; header_font_size=&#8221;36px&#8221; header_line_height=&#8221;1.2em&#8221; header_3_font_size=&#8221;50px&#8221; header_3_line_height=&#8221;1.3em&#8221; text_orientation=&#8221;center&#8221; custom_margin=&#8221;||10px||false|false&#8221; header_font_size_tablet=&#8221;48px&#8221; header_font_size_phone=&#8221;30px&#8221; header_font_size_last_edited=&#8221;on|phone&#8221; header_3_font_size_phone=&#8221;33px&#8221; global_colors_info=&#8221;{}&#8221;]<\/p>\n<h1 class=\"p1\">Inscription <strong>presque<\/strong> confirm\u00e9e !<\/h1>\n<p>[\/et_pb_text][et_pb_text _builder_version=&#8221;4.27.4&#8243; _module_preset=&#8221;9fcd794f-4658-4363-bd6b-c322a6c94e6f&#8221; header_2_font=&#8221;&#8211;et_global_heading_font|300|||||||&#8221; header_2_font_size=&#8221;20px&#8221; header_2_line_height=&#8221;1.3em&#8221; width=&#8221;90%&#8221; custom_margin=&#8221;||18px|||&#8221; header_2_font_size_tablet=&#8221;25px&#8221; header_2_font_size_phone=&#8221;16px&#8221; header_2_font_size_last_edited=&#8221;on|phone&#8221; global_colors_info=&#8221;{}&#8221;]<\/p>\n<h2 data-start=\"129\" data-end=\"258\">Il te reste <strong data-start=\"233\" data-end=\"256\">deux \u00e9tapes rapides<\/strong> :<\/h2>\n<p>[\/et_pb_text][et_pb_text _builder_version=&#8221;4.27.4&#8243; _module_preset=&#8221;9fcd794f-4658-4363-bd6b-c322a6c94e6f&#8221; text_font=&#8221;Nunito|700|||||||&#8221; text_font_size=&#8221;17px&#8221; text_line_height=&#8221;1.5em&#8221; header_2_font=&#8221;&#8211;et_global_heading_font||||||||&#8221; header_2_font_size=&#8221;25px&#8221; header_5_font=&#8221;Nunito||on||||||&#8221; width=&#8221;90%&#8221; custom_margin=&#8221;||10px|||&#8221; custom_margin_tablet=&#8221;||41px|||&#8221; custom_margin_phone=&#8221;||20px||false|false&#8221; custom_margin_last_edited=&#8221;on|phone&#8221; hover_enabled=&#8221;0&#8243; text_line_height_tablet=&#8221;2.1em&#8221; text_line_height_phone=&#8221;1.8em&#8221; text_line_height_last_edited=&#8221;on|phone&#8221; global_colors_info=&#8221;{}&#8221; sticky_enabled=&#8221;0&#8243;]<\/p>\n<p>\u2705 Pense \u00e0 v\u00e9rifier tes spams pour \u00eatre s\u00fbre de bien recevoir nos emails, notamment ton carnet de travail.<\/p>\n<p>[\/et_pb_text][et_pb_text _builder_version=&#8221;4.27.4&#8243; _module_preset=&#8221;9fcd794f-4658-4363-bd6b-c322a6c94e6f&#8221; text_font=&#8221;Nunito|700|||||||&#8221; text_font_size=&#8221;18px&#8221; text_line_height=&#8221;1.5em&#8221; header_2_font=&#8221;&#8211;et_global_heading_font||||||||&#8221; header_2_font_size=&#8221;25px&#8221; width=&#8221;90%&#8221; custom_margin=&#8221;||41px|||&#8221; custom_margin_tablet=&#8221;||41px|||&#8221; custom_margin_phone=&#8221;||20px||false|false&#8221; custom_margin_last_edited=&#8221;on|phone&#8221; hover_enabled=&#8221;0&#8243; text_line_height_tablet=&#8221;2.1em&#8221; text_line_height_phone=&#8221;1.8em&#8221; text_line_height_last_edited=&#8221;on|phone&#8221; global_colors_info=&#8221;{}&#8221; sticky_enabled=&#8221;0&#8243;]<\/p>\n<p>\ud83d\udcc5 Ajoute l\u2019\u00e9v\u00e9nement \u00e0 ton agenda<\/p>\n<p>[\/et_pb_text][et_pb_button button_url=&#8221;https:\/\/calendar.google.com\/calendar\/u\/0\/r\/eventedit?text=Atelier+en+direct+%3A+r%C3%A9cup%C3%A8re+2+heures+par+jour+gr%C3%A2ce+%C3%A0+l%27IA&#038;dates=20251125T113000Z\/20251125T130000Z&#038;location=En+ligne&#038;details=Il+s%27agit+d%27un+atelier+pratico-pratique.Pour+en+retirer+le+meilleur%2C+nous+vous+conseillons+de+%3A-+Vous+mettre+dans+un+lieu+calme+et+sans+interruption-+Prendre+de+quoi+%C3%A9crire-+Avoir+votre+carnet+de+travail+PDF+envoy%C3%A9+par+email&#8221; button_text=&#8221;J&#8217;ajoute la date \u00e0 mon agenda&#8221; button_alignment=&#8221;left&#8221; _builder_version=&#8221;4.27.4&#8243; _module_preset=&#8221;default&#8221; custom_button=&#8221;on&#8221; button_text_size=&#8221;25px&#8221; button_text_color=&#8221;#FFFFFF&#8221; button_bg_color=&#8221;#5f29e8&#8243; button_bg_use_color_gradient=&#8221;on&#8221; button_bg_color_gradient_direction=&#8221;195deg&#8221; button_bg_color_gradient_stops=&#8221;#5731ed 15%|#ff6b6b 83%&#8221; button_border_width=&#8221;0px&#8221; button_border_color=&#8221;#5731ed&#8221; button_border_radius=&#8221;10px&#8221; button_font=&#8221;Nunito|500||on|||||&#8221; custom_margin=&#8221;|2px||2px||true&#8221; button_text_size_tablet=&#8221;25px&#8221; button_text_size_phone=&#8221;17px&#8221; button_text_size_last_edited=&#8221;on|phone&#8221; global_colors_info=&#8221;{}&#8221;][\/et_pb_button][\/et_pb_column][et_pb_column type=&#8221;2_5&#8243; _builder_version=&#8221;4.22.0&#8243; _module_preset=&#8221;default&#8221; global_colors_info=&#8221;{}&#8221;][et_pb_image src=&#8221;https:\/\/sheknowsia.com\/wp-content\/uploads\/2025\/11\/Design-sans-titre-1.jpg&#8221; title_text=&#8221;Hero-photo-Skia&#8221; show_bottom_space=&#8221;off&#8221; _builder_version=&#8221;4.27.4&#8243; _module_preset=&#8221;default&#8221; custom_margin=&#8221;|-10vw|||false|false&#8221; custom_margin_tablet=&#8221;|0vw|||false|false&#8221; custom_margin_phone=&#8221;|0vw|||false|false&#8221; custom_margin_last_edited=&#8221;on|tablet&#8221; filter_brightness=&#8221;115%&#8221; filter_contrast=&#8221;104%&#8221; border_radii=&#8221;on|20px|20px|20px|20px&#8221; box_shadow_style=&#8221;preset3&#8243; global_colors_info=&#8221;{}&#8221;][\/et_pb_image][et_pb_image src=&#8221;https:\/\/sheknowsia.com\/wp-content\/uploads\/2025\/11\/career-coach-3.png&#8221; title_text=&#8221;career-coach-3&#8243; disabled_on=&#8221;on|on|off&#8221; _builder_version=&#8221;4.27.4&#8243; _module_preset=&#8221;default&#8221; positioning=&#8221;absolute&#8221; position_origin_a=&#8221;bottom_left&#8221; position_origin_a_tablet=&#8221;bottom_left&#8221; position_origin_a_phone=&#8221;bottom_left&#8221; position_origin_a_last_edited=&#8221;off|tablet&#8221; position_origin_f_last_edited=&#8221;off|tablet&#8221; position_origin_r_last_edited=&#8221;off|tablet&#8221; width=&#8221;100%&#8221; custom_margin=&#8221;|||-10vw|false|false&#8221; positioning_phone=&#8221;none&#8221; positioning_last_edited=&#8221;off|tablet&#8221; global_colors_info=&#8221;{}&#8221;][\/et_pb_image][\/et_pb_column][\/et_pb_row][\/et_pb_section]<\/p>\n","protected":false},"excerpt":{"rendered":"<p>Inscription presque confirm\u00e9e !Il te reste deux \u00e9tapes rapides :\u2705 Pense \u00e0 v\u00e9rifier tes spams pour \u00eatre s\u00fbre de bien recevoir nos emails, notamment ton carnet de travail.\ud83d\udcc5 Ajoute l\u2019\u00e9v\u00e9nement \u00e0 ton agenda<\/p>\n","protected":false},"author":1,"featured_media":0,"parent":0,"menu_order":0,"comment_status":"closed","ping_status":"closed","template":"","meta":{"_et_pb_use_builder":"on","_et_pb_old_content":"","_et_gb_content_width":"","footnotes":""},"class_list":["post-94","page","type-page","status-publish","hentry"],"_links":{"self":[{"href":"https:\/\/sheknowsia.com\/index.php\/wp-json\/wp\/v2\/pages\/94","targetHints":{"allow":["GET"]}}],"collection":[{"href":"https:\/\/sheknowsia.com\/index.php\/wp-json\/wp\/v2\/pages"}],"about":[{"href":"https:\/\/sheknowsia.com\/index.php\/wp-json\/wp\/v2\/types\/page"}],"author":[{"embeddable":true,"href":"https:\/\/sheknowsia.com\/index.php\/wp-json\/wp\/v2\/users\/1"}],"replies":[{"embeddable":true,"href":"https:\/\/sheknowsia.com\/index.php\/wp-json\/wp\/v2\/comments?post=94"}],"version-history":[{"count":26,"href":"https:\/\/sheknowsia.com\/index.php\/wp-json\/wp\/v2\/pages\/94\/revisions"}],"predecessor-version":[{"id":464,"href":"https:\/\/sheknowsia.com\/index.php\/wp-json\/wp\/v2\/pages\/94\/revisions\/464"}],"wp:attachment":[{"href":"https:\/\/sheknowsia.com\/index.php\/wp-json\/wp\/v2\/media?parent=94"}],"curies":[{"name":"wp","href":"https:\/\/api.w.org\/{rel}","templated":true}]}}