{"id":382,"date":"2025-11-13T12:40:51","date_gmt":"2025-11-13T12:40:51","guid":{"rendered":"https:\/\/sheknowsia.com\/?page_id=382"},"modified":"2025-11-13T13:01:40","modified_gmt":"2025-11-13T13:01:40","slug":"mention-legale","status":"publish","type":"page","link":"https:\/\/sheknowsia.com\/index.php\/mention-legale\/","title":{"rendered":"Mention legale"},"content":{"rendered":"<p>[et_pb_section fb_built=&#8221;1&#8243; admin_label=&#8221;Features&#8221; _builder_version=&#8221;4.22.0&#8243; _module_preset=&#8221;default&#8221; custom_margin=&#8221;-11px|||||&#8221; custom_padding=&#8221;41px|||||&#8221; collapsed=&#8221;on&#8221; global_colors_info=&#8221;{}&#8221;][et_pb_row _builder_version=&#8221;4.22.0&#8243; _module_preset=&#8221;default&#8221; global_colors_info=&#8221;{}&#8221;][et_pb_column type=&#8221;4_4&#8243; _builder_version=&#8221;4.22.0&#8243; _module_preset=&#8221;default&#8221; global_colors_info=&#8221;{}&#8221;][et_pb_text _builder_version=&#8221;4.27.4&#8243; _module_preset=&#8221;f2ffcb41-d2c7-4fc7-b8b4-0446149dd7a7&#8243; header_2_text_align=&#8221;left&#8221; header_2_font_size=&#8221;27px&#8221; global_colors_info=&#8221;{}&#8221;]<\/p>\n<h2 data-start=\"379\" data-end=\"398\">Mentions l\u00e9gales<\/h2>\n<p>&nbsp;<\/p>\n<h3 data-start=\"400\" data-end=\"427\">1. Pr\u00e9sentation du site<\/h3>\n<p data-start=\"428\" data-end=\"576\">Le site <strong data-start=\"436\" data-end=\"456\"><a data-start=\"438\" data-end=\"454\" rel=\"noopener\" target=\"_new\" class=\"decorated-link\" href=\"http:\/\/www.shinozia.com\">www.sheknowsia.com <\/a><\/strong>(ci-apr\u00e8s \u00ab le Site \u00bb) est \u00e9dit\u00e9 dans le cadre du partenariat <strong data-start=\"519\" data-end=\"535\">She Knows IA<\/strong>, initiative port\u00e9e conjointement par :<\/p>\n<ul data-start=\"578\" data-end=\"910\">\n<li data-start=\"578\" data-end=\"747\">\n<p data-start=\"580\" data-end=\"747\"><strong data-start=\"580\" data-end=\"600\">Rebecca Parienti<\/strong>, entrepreneure individuelle (auto-entreprise),<br data-start=\"647\" data-end=\"650\" \/>domicili\u00e9e au 30 Boulevard Alsace Lorraine, 64 100 Bayonne<br data-start=\"687\" data-end=\"690\" \/>repr\u00e9sentante l\u00e9gale et cofondatrice de She Knows IA.<\/p>\n<\/li>\n<li data-start=\"749\" data-end=\"910\">\n<p data-start=\"751\" data-end=\"910\"><strong data-start=\"751\" data-end=\"769\">\u00c9lise Perpetua<\/strong>, repr\u00e9sentante de Elise Perpetua SARL,<br data-start=\"834\" data-end=\"837\" \/>domicili\u00e9e au 22 rue du Faubourg du Temple, 75 011 Paris,<br data-start=\"874\" data-end=\"877\" \/>repr\u00e9sentante l\u00e9gale et cofondatrice de She Knows IA.<\/p>\n<\/li>\n<\/ul>\n<p data-start=\"912\" data-end=\"1097\">Ensemble, ces deux entit\u00e9s op\u00e8rent sous la marque <strong data-start=\"962\" data-end=\"978\">She Knows IA<\/strong>, d\u00e9di\u00e9e \u00e0 l\u2019accompagnement des freelances, TPE et PME dans l\u2019adoption et la mise en pratique de l\u2019intelligence artificielle.<\/p>\n<h3 data-start=\"1099\" data-end=\"1113\">2. Contact<\/h3>\n<p data-start=\"1114\" data-end=\"1213\">Adresse e-mail : <strong data-start=\"1131\" data-end=\"1153\"><a data-start=\"1133\" data-end=\"1151\" class=\"decorated-link cursor-pointer\" rel=\"noopener\">hello@sheknowsia.com<\/a><\/strong><\/p>\n<p data-start=\"1114\" data-end=\"1213\">Si\u00e8ge d\u2019activit\u00e9 : <strong>3 rue du 49\u00e8me R\u00e9giment d&#8217;Infanterie, 64100 Bayonne, Bayonne (France)<\/strong><\/p>\n<h3 data-start=\"1215\" data-end=\"1231\">3. H\u00e9bergeur<\/h3>\n<p data-start=\"1232\" data-end=\"1397\">Le Site est h\u00e9berg\u00e9 par :<br data-start=\"1257\" data-end=\"1260\" \/><strong data-start=\"1260\" data-end=\"1271\">OVH SAS<\/strong><br data-start=\"1271\" data-end=\"1274\" \/>2 rue Kellermann \u2013 59100 Roubaix \u2013 France<br data-start=\"1315\" data-end=\"1318\" \/>T\u00e9l\u00e9phone : +33 9 72 10 10 07<br data-start=\"1347\" data-end=\"1350\" \/>Site web : <a data-start=\"1361\" data-end=\"1395\" class=\"decorated-link\" rel=\"noopener\" target=\"_new\" href=\"https:\/\/www.ovh.com\">www.ovh.com<span aria-hidden=\"true\" class=\"ms-0.5 inline-block align-middle leading-none\"><svg width=\"20\" height=\"20\" viewbox=\"0 0 20 20\" fill=\"currentColor\" xmlns=\"http:\/\/www.w3.org\/2000\/svg\" data-rtl-flip=\"\" class=\"block h-[0.75em] w-[0.75em] stroke-current stroke-[0.75]\"><path d=\"M14.3349 13.3301V6.60645L5.47065 15.4707C5.21095 15.7304 4.78895 15.7304 4.52925 15.4707C4.26955 15.211 4.26955 14.789 4.52925 14.5293L13.3935 5.66504H6.66011C6.29284 5.66504 5.99507 5.36727 5.99507 5C5.99507 4.63273 6.29284 4.33496 6.66011 4.33496H14.9999L15.1337 4.34863C15.4369 4.41057 15.665 4.67857 15.665 5V13.3301C15.6649 13.6973 15.3672 13.9951 14.9999 13.9951C14.6327 13.9951 14.335 13.6973 14.3349 13.3301Z\"><\/path><\/svg><\/span><\/a><\/p>\n<h3 data-start=\"1399\" data-end=\"1430\">4. Propri\u00e9t\u00e9 intellectuelle<\/h3>\n<p data-start=\"1431\" data-end=\"1840\">L\u2019ensemble des \u00e9l\u00e9ments pr\u00e9sents sur le Site (textes, images, graphismes, logos, vid\u00e9os, ic\u00f4nes, structure, etc.) est la propri\u00e9t\u00e9 exclusive de <strong data-start=\"1575\" data-end=\"1591\">She Knows IA<\/strong> ou fait l\u2019objet d\u2019une autorisation d\u2019utilisation.<br data-start=\"1641\" data-end=\"1644\" \/>Toute reproduction, repr\u00e9sentation, modification, publication ou adaptation, totale ou partielle, de ces \u00e9l\u00e9ments, est interdite sans l\u2019autorisation \u00e9crite pr\u00e9alable de ses titulaires de droits.<\/p>\n<h3 data-start=\"1842\" data-end=\"1869\">5. Donn\u00e9es personnelles<\/h3>\n<p data-start=\"1870\" data-end=\"2118\">Les informations susceptibles d\u2019\u00eatre collect\u00e9es via le Site (formulaire de contact, inscription \u00e0 une newsletter, etc.) sont utilis\u00e9es exclusivement \u00e0 des fins de communication avec les utilisateurs et ne sont en aucun cas transmises \u00e0 des tiers.<\/p>\n<p data-start=\"2120\" data-end=\"2431\">Conform\u00e9ment au <strong data-start=\"2136\" data-end=\"2194\">R\u00e8glement G\u00e9n\u00e9ral sur la Protection des Donn\u00e9es (RGPD)<\/strong> et \u00e0 la <strong data-start=\"2203\" data-end=\"2235\">loi Informatique et Libert\u00e9s<\/strong>, vous disposez d\u2019un droit d\u2019acc\u00e8s, de rectification, de suppression et d\u2019opposition concernant vos donn\u00e9es personnelles.<br data-start=\"2356\" data-end=\"2359\" \/>Vous pouvez exercer ces droits en \u00e9crivant \u00e0 : <strong data-start=\"2406\" data-end=\"2428\"><a data-start=\"2408\" data-end=\"2426\" class=\"decorated-link cursor-pointer\" rel=\"noopener\">hello@sheknowsia.com<\/a><\/strong><\/p>\n<h3 data-start=\"2433\" data-end=\"2447\">6. Cookies<\/h3>\n<p data-start=\"2448\" data-end=\"2690\">Le Site peut utiliser des cookies ou technologies similaires \u00e0 des fins de mesure d\u2019audience ou d\u2019am\u00e9lioration de l\u2019exp\u00e9rience utilisateur.<br data-start=\"2587\" data-end=\"2590\" \/>Vous pouvez \u00e0 tout moment refuser ou supprimer les cookies via les param\u00e8tres de votre navigateur.<\/p>\n<h3 data-start=\"2692\" data-end=\"2727\">7. Limitation de responsabilit\u00e9<\/h3>\n<p data-start=\"2728\" data-end=\"3004\">She Knows IA s\u2019efforce de fournir sur le Site des informations pr\u00e9cises et \u00e0 jour. Toutefois, elle ne saurait \u00eatre tenue responsable des omissions, inexactitudes ou carences dans la mise \u00e0 jour des contenus, ni des dommages directs ou indirects li\u00e9s \u00e0 l\u2019utilisation du Site.<\/p>\n<p>[\/et_pb_text][\/et_pb_column][\/et_pb_row][\/et_pb_section][et_pb_section fb_built=&#8221;1&#8243; admin_label=&#8221;Footer&#8221; _builder_version=&#8221;4.27.4&#8243; _module_preset=&#8221;default&#8221; background_color=&#8221;#18072B&#8221; custom_padding=&#8221;||0px|||&#8221; saved_tabs=&#8221;all&#8221; collapsed=&#8221;on&#8221; global_colors_info=&#8221;{}&#8221;][et_pb_row column_structure=&#8221;1_3,1_3,1_3&#8243; _builder_version=&#8221;4.27.4&#8243; _module_preset=&#8221;default&#8221; custom_padding=&#8221;25px||6px|||&#8221; global_colors_info=&#8221;{}&#8221;][et_pb_column type=&#8221;1_3&#8243; _builder_version=&#8221;4.22.0&#8243; _module_preset=&#8221;default&#8221; global_colors_info=&#8221;{}&#8221;][et_pb_image src=&#8221;https:\/\/sheknowsia.com\/wp-content\/uploads\/2025\/11\/she-knows-IA-1.png&#8221; title_text=&#8221;she knows IA (1)&#8221; _builder_version=&#8221;4.27.4&#8243; _module_preset=&#8221;default&#8221; width=&#8221;25%&#8221; width_tablet=&#8221;25%&#8221; width_phone=&#8221;21%&#8221; width_last_edited=&#8221;on|phone&#8221; global_colors_info=&#8221;{}&#8221;][\/et_pb_image][\/et_pb_column][et_pb_column type=&#8221;1_3&#8243; _builder_version=&#8221;4.22.0&#8243; _module_preset=&#8221;default&#8221; global_colors_info=&#8221;{}&#8221;][\/et_pb_column][et_pb_column type=&#8221;1_3&#8243; _builder_version=&#8221;4.22.0&#8243; _module_preset=&#8221;default&#8221; global_colors_info=&#8221;{}&#8221;][et_pb_text _builder_version=&#8221;4.27.4&#8243; _module_preset=&#8221;cbe97782-7cb5-4403-98d2-8a1c00a5eb7e&#8221; text_text_color=&#8221;#FFFFFF&#8221; link_text_color=&#8221;gcid-a13652f3-2793-4cb6-9d99-526eb1549d6a&#8221; header_5_text_color=&#8221;#FFFFFF&#8221; custom_margin=&#8221;12px||7px|||&#8221; global_colors_info=&#8221;{%22gcid-a13652f3-2793-4cb6-9d99-526eb1549d6a%22:%91%22link_text_color%22%93}&#8221;]<\/p>\n<p>hello@sheknowsia.com<\/p>\n<p>Retrouvez nous sur <span style=\"color: #ffffff;\"><strong><a href=\"https:\/\/www.linkedin.com\/company\/she-knows-ia\/\" style=\"color: #ffffff;\">Linkedin<\/a><\/strong><\/span><\/p>\n<p>[\/et_pb_text][\/et_pb_column][\/et_pb_row][et_pb_row _builder_version=&#8221;4.27.4&#8243; _module_preset=&#8221;default&#8221; custom_padding=&#8221;86px|||||&#8221; global_colors_info=&#8221;{}&#8221;][et_pb_column type=&#8221;4_4&#8243; _builder_version=&#8221;4.27.4&#8243; _module_preset=&#8221;default&#8221; global_colors_info=&#8221;{}&#8221;][et_pb_text _builder_version=&#8221;4.27.4&#8243; _module_preset=&#8221;default&#8221; text_text_color=&#8221;#FFFFFF&#8221; text_orientation=&#8221;center&#8221; global_colors_info=&#8221;{}&#8221;]<\/p>\n<p>All rights reserved She Knows IA &#8211; 2025<\/p>\n<p>[\/et_pb_text][\/et_pb_column][\/et_pb_row][\/et_pb_section]<\/p>\n","protected":false},"excerpt":{"rendered":"<p>Mentions l\u00e9gales &nbsp; 1. Pr\u00e9sentation du site Le site www.sheknowsia.com (ci-apr\u00e8s \u00ab le Site \u00bb) est \u00e9dit\u00e9 dans le cadre du partenariat She Knows IA, initiative port\u00e9e conjointement par : Rebecca Parienti, entrepreneure individuelle (auto-entreprise),domicili\u00e9e au 30 Boulevard Alsace Lorraine, 64 100 Bayonnerepr\u00e9sentante l\u00e9gale et cofondatrice de She Knows IA. \u00c9lise Perpetua, repr\u00e9sentante de Elise [&hellip;]<\/p>\n","protected":false},"author":1,"featured_media":0,"parent":0,"menu_order":0,"comment_status":"closed","ping_status":"closed","template":"","meta":{"_et_pb_use_builder":"on","_et_pb_old_content":"","_et_gb_content_width":"","footnotes":""},"class_list":["post-382","page","type-page","status-publish","hentry"],"_links":{"self":[{"href":"https:\/\/sheknowsia.com\/index.php\/wp-json\/wp\/v2\/pages\/382","targetHints":{"allow":["GET"]}}],"collection":[{"href":"https:\/\/sheknowsia.com\/index.php\/wp-json\/wp\/v2\/pages"}],"about":[{"href":"https:\/\/sheknowsia.com\/index.php\/wp-json\/wp\/v2\/types\/page"}],"author":[{"embeddable":true,"href":"https:\/\/sheknowsia.com\/index.php\/wp-json\/wp\/v2\/users\/1"}],"replies":[{"embeddable":true,"href":"https:\/\/sheknowsia.com\/index.php\/wp-json\/wp\/v2\/comments?post=382"}],"version-history":[{"count":6,"href":"https:\/\/sheknowsia.com\/index.php\/wp-json\/wp\/v2\/pages\/382\/revisions"}],"predecessor-version":[{"id":389,"href":"https:\/\/sheknowsia.com\/index.php\/wp-json\/wp\/v2\/pages\/382\/revisions\/389"}],"wp:attachment":[{"href":"https:\/\/sheknowsia.com\/index.php\/wp-json\/wp\/v2\/media?parent=382"}],"curies":[{"name":"wp","href":"https:\/\/api.w.org\/{rel}","templated":true}]}}